{"id":22,"date":"2022-06-09T10:58:49","date_gmt":"2022-06-09T08:58:49","guid":{"rendered":"https:\/\/site.lg-demonetz.de\/?page_id=22"},"modified":"2026-01-27T13:38:51","modified_gmt":"2026-01-27T12:38:51","slug":"it","status":"publish","type":"page","link":"https:\/\/www.log-in.de\/it\/","title":{"rendered":""},"content":{"rendered":"<h2 style=\"text-align: center;\"><strong>Aus der Region. F\u00fcr die Region.<\/strong><\/h2>\r\n<p>&nbsp;<\/p>\r\n<p><strong><img loading=\"lazy\" decoding=\"async\" class=\"wp-image-841 alignleft\" src=\"https:\/\/www.log-in.de\/it\/wp-content\/uploads\/2023\/11\/0C8A7256-scaled.jpg\" alt=\"\" width=\"428\" height=\"285\" srcset=\"https:\/\/www.log-in.de\/it\/wp-content\/uploads\/2023\/11\/0C8A7256-scaled.jpg 2560w, https:\/\/www.log-in.de\/it\/wp-content\/uploads\/2023\/11\/0C8A7256-300x200.jpg 300w, https:\/\/www.log-in.de\/it\/wp-content\/uploads\/2023\/11\/0C8A7256-1024x683.jpg 1024w, https:\/\/www.log-in.de\/it\/wp-content\/uploads\/2023\/11\/0C8A7256-768x512.jpg 768w, https:\/\/www.log-in.de\/it\/wp-content\/uploads\/2023\/11\/0C8A7256-1536x1024.jpg 1536w, https:\/\/www.log-in.de\/it\/wp-content\/uploads\/2023\/11\/0C8A7256-2048x1365.jpg 2048w, https:\/\/www.log-in.de\/it\/wp-content\/uploads\/2023\/11\/0C8A7256-360x240.jpg 360w, https:\/\/www.log-in.de\/it\/wp-content\/uploads\/2023\/11\/0C8A7256-600x400.jpg 600w, https:\/\/www.log-in.de\/it\/wp-content\/uploads\/2023\/11\/0C8A7256-800x533.jpg 800w, https:\/\/www.log-in.de\/it\/wp-content\/uploads\/2023\/11\/0C8A7256-2000x1333.jpg 2000w, https:\/\/www.log-in.de\/it\/wp-content\/uploads\/2023\/11\/0C8A7256-1320x880.jpg 1320w, https:\/\/www.log-in.de\/it\/wp-content\/uploads\/2023\/11\/0C8A7256-1200x800.jpg 1200w\" sizes=\"auto, (max-width: 428px) 100vw, 428px\" \/><\/strong><\/p>\r\n<p>Wir sind LOG-IN: ein proaktives IT-Systemhaus in zweiter Generation, gef\u00fchrt von den Geschwistern Franke. Mit unserem Team aus 21 engagierten MitarbeiterInnen betreiben wir sichere, stabile und zukunftsorientierte IT-L\u00f6sungen. Dabei verstehen wir uns nicht nur als Dienstleister, sondern als verl\u00e4sslicher Partner und Schutzschild gegen Cyberkriminalit\u00e4t.<\/p>\r\n<p>Unsere Schwerpunkte liegen in den Bereichen Firewall-as-a-Service, Cloud-Mailing, -Backup und -Archiv sowie im kontinuierlichen Schwachstellen- und Patchmanagement. Mit diesem Leistungsportfolio unterst\u00fctzen wir sowohl mittelst\u00e4ndische Unternehmen als auch gro\u00dfe Organisationen mit eigener IT-Abteilung \u2013 dort agieren wir als spezialisierter Zulieferer und zuverl\u00e4ssige Erg\u00e4nzung interner IT-Teams.<\/p>\r\n<p>&nbsp;<\/p>\r\n<p>&nbsp;<\/p>\r\n<h2 id=\"u70029-10\" style=\"text-align: right;\"><strong><span style=\"color: #ff0000;\">Gute Argumente<\/span>.<\/strong><\/h2>\r\n<p id=\"u70029-12\" style=\"text-align: right;\">Wir entwickeln uns stetig weiter und wachsen durch und mit unseren zufriedenen Kunden. Im Mittelpunkt unserer Arbeit steht daher eine flexible, unkomplizierte und l\u00f6sungsorientierte Zusammenarbeit. Eine fachgerechte und schnelle Umsetzung \u2013 problemlos m\u00f6glich dank unserer jahrelangen Erfahrung, unserem einmaligem Service und einer Kommunikation auf Augenh\u00f6he.<\/p>\r\n<p>&nbsp;<\/p>\r\n<p style=\"text-align: center;\">\u00a0<\/p>\r\n<p style=\"text-align: center;\"><div class=\"wptb-container-legacy\" data-table-id=\"493\">\n    <table class=\"wptb-preview-table wptb-element-main-table_setting-493\" style=\"border-spacing: 3px 3px; border-collapse: collapse !important; min-width: 833px; border: 0px solid rgb(255, 255, 255); \" data-border-spacing-columns=\"3\" data-border-spacing-rows=\"3\" data-reconstraction=\"1\" data-wptb-table-directives=\"eyJpbm5lckJvcmRlcnMiOnsiYWN0aXZlIjoiYWxsIiwiYm9yZGVyV2lkdGgiOjAsImJvcmRlclJhZGl1c2VzIjp7ImFsbCI6MCwicm93IjowLCJjb2x1bW4iOjB9fX0=\" data-wptb-responsive-directives=\"eyJyZXNwb25zaXZlRW5hYmxlZCI6dHJ1ZSwicmVzcG9uc2l2ZU1vZGUiOiJhdXRvIiwicmVsYXRpdmVXaWR0aCI6IndpbmRvdyIsInByZXNlcnZlUm93Q29sb3IiOmZhbHNlLCJoZWFkZXJGdWxseU1lcmdlZCI6ZmFsc2UsImJyZWFrcG9pbnRzIjp7ImRlc2t0b3AiOnsibmFtZSI6ImRlc2t0b3AiLCJ3aWR0aCI6MTAyNH0sInRhYmxldCI6eyJuYW1lIjoidGFibGV0Iiwid2lkdGgiOjcwMH0sIm1vYmlsZSI6eyJuYW1lIjoibW9iaWxlIiwid2lkdGgiOjM3NX19LCJtb2RlT3B0aW9ucyI6eyJhdXRvIjp7ImRpc2FibGVkIjp7ImRlc2t0b3AiOmZhbHNlLCJ0YWJsZXQiOmZhbHNlLCJtb2JpbGUiOmZhbHNlfSwidG9wUm93QXNIZWFkZXIiOnsiZGVza3RvcCI6ZmFsc2UsInRhYmxldCI6dHJ1ZSwibW9iaWxlIjp0cnVlfSwicmVwZWF0TWVyZ2VkSGVhZGVyIjp7ImRlc2t0b3AiOnRydWUsInRhYmxldCI6dHJ1ZSwibW9iaWxlIjp0cnVlfSwic3RhdGljVG9wUm93Ijp7ImRlc2t0b3AiOmZhbHNlLCJ0YWJsZXQiOmZhbHNlLCJtb2JpbGUiOmZhbHNlfSwiY2VsbFN0YWNrRGlyZWN0aW9uIjp7ImRlc2t0b3AiOiJyb3ciLCJ0YWJsZXQiOiJyb3ciLCJtb2JpbGUiOiJyb3cifSwiY2VsbHNQZXJSb3ciOnsiZGVza3RvcCI6MSwidGFibGV0IjoxLCJtb2JpbGUiOjF9fX19\" data-wptb-cells-width-auto-count=\"3\" data-wptb-horizontal-scroll-status=\"1\" data-wptb-extra-styles=\"LyogRW50ZXIgeW91ciBjdXN0b20gQ1NTIHJ1bGVzIGhlcmUgKi8=\" data-wptb-pro-pagination-top-row-header=\"false\" data-wptb-rows-per-page=\"10\" data-wptb-pro-search-top-row-header=\"false\" data-wptb-searchbar-position=\"left\" role=\"table\" data-table-columns=\"3\" data-wptb-table-alignment=\"center\" data-wptb-td-width-auto=\"120\" data-wptb-table-tds-sum-max-width=\"833\" data-wptb-header-background-color=\"#ffffff\" data-wptb-even-row-background-color=\"#ffffff\" data-wptb-odd-row-background-color=\"#ffffff\" ><tbody data-global-font-color=\"#000000\" data-global-link-color=\"#000000\" data-global-font-size=\"15\" ><tr  class=\"wptb-row \" style=\"background-color: #ffffff; \"><td class=\"wptb-cell \" colspan=\"1\" rowspan=\"1\" style=\"padding: 10px; width: 147px; border-width: 1px; border-color: rgb(255, 255, 255); border-style: solid; border-radius: 0px; \" data-y-index=\"0\" data-x-index=\"0\" data-wptb-css-td-auto-width=\"false\" data-wptb-css-td-auto-height=\"true\" data-wptb-cell-vertical-alignment=\"center\" ><div class=\"wptb-image-container wptb-ph-element wptb-element-image-1\" data-wptb-image-alignment=\"center\" data-wptb-image-size-relative=\"container\"  style=\"\">\n    <div class=\"wptb-image-wrapper\">\n        <span  class=\"wptb-link-target\" style=\"float: none; width: 100%; \">\n            <img loading=\"lazy\" decoding=\"async\" class=\"wptb-image-element-target\" data-wptb-size=\"0px:0px\" height=\"0\" width=\"0\" src=\"https:\/\/www.log-in.de\/it\/wp-content\/uploads\/2025\/02\/Anerkannter_Ausbildungsbetrieb_2025_48303.png\"  style=\"width: 100%\" \/>\n        <\/span>\n    <\/div>\n<\/div><\/td><td class=\"wptb-cell \" colspan=\"1\" rowspan=\"1\" style=\"padding: 10px; width: 346px; border-width: 1px; border-color: rgb(255, 255, 255); border-style: solid; border-radius: 0px; \" data-y-index=\"0\" data-x-index=\"1\" data-wptb-css-td-auto-width=\"false\" data-wptb-css-td-auto-height=\"true\" data-wptb-cell-vertical-alignment=\"center\" ><div class=\"wptb-image-container wptb-ph-element wptb-element-image-2\" data-wptb-image-alignment=\"center\" data-wptb-image-size-relative=\"container\"  style=\"\">\n    <div class=\"wptb-image-wrapper\">\n        <span  class=\"wptb-link-target\" style=\"float: none; width: 100%; \">\n            <img loading=\"lazy\" decoding=\"async\" class=\"wptb-image-element-target\" data-wptb-size=\"0px:0px\" height=\"0\" width=\"0\" src=\"https:\/\/www.log-in.de\/it\/wp-content\/uploads\/2023\/02\/DigitalesForum-Arnsberg.png\"  style=\"width: 100%\" \/>\n        <\/span>\n    <\/div>\n<\/div><div class=\"wptb-text-container wptb-ph-element wptb-element-text-597\" style=\"color: #4a5568a8; font-size: 15px; \"><div style=\"position: relative;\"><p><strong>GR\u00dcNDUNGSMITGLIED<\/strong><\/p><\/div><\/div><\/td><td class=\"wptb-cell \" colspan=\"1\" rowspan=\"1\" style=\"padding: 10px; width: 280px; border-width: 1px; border-color: rgb(255, 255, 255); border-style: solid; border-radius: 0px; \" data-y-index=\"0\" data-x-index=\"2\" data-wptb-css-td-auto-width=\"false\" data-wptb-css-td-auto-height=\"true\" data-wptb-cell-vertical-alignment=\"center\" ><div class=\"wptb-image-container wptb-ph-element wptb-element-image-3\" data-wptb-image-alignment=\"center\" data-wptb-image-size-relative=\"container\"  style=\"\">\n    <div class=\"wptb-image-wrapper\">\n        <span  class=\"wptb-link-target\" style=\"float: none; width: 100%; \">\n            <img loading=\"lazy\" decoding=\"async\" class=\"wptb-image-element-target\" data-wptb-size=\"0px:0px\" height=\"0\" width=\"0\" src=\"https:\/\/www.log-in.de\/it\/wp-content\/uploads\/2023\/02\/ComTeam-Logo.svg_.png\"  style=\"width: 100%\" \/>\n        <\/span>\n    <\/div>\n<\/div><\/td><\/tr><\/tbody><\/table>\n<\/div>\n\r\n<p>&nbsp;<\/p>\r\n<p>&nbsp;<\/p>\r\n<hr \/>\r\n<h2><span style=\"color: #ff0000;\">Unsere Vorteile<\/span>:<\/h2>\r\n<div class=\"wptb-container-legacy\" data-table-id=\"189\">\n    <table class=\"wptb-preview-table wptb-element-main-table_setting-189\" style=\"border-spacing: 3px 3px; border-collapse: collapse !important; min-width: 891px; border: 0px solid rgb(255, 255, 255); \" data-border-spacing-columns=\"3\" data-border-spacing-rows=\"3\" data-reconstraction=\"1\" data-wptb-table-directives=\"eyJpbm5lckJvcmRlcnMiOnsiYWN0aXZlIjoiYWxsIiwiYm9yZGVyV2lkdGgiOjAsImJvcmRlclJhZGl1c2VzIjp7ImFsbCI6MCwicm93IjowLCJjb2x1bW4iOjB9fX0=\" data-wptb-responsive-directives=\"eyJyZXNwb25zaXZlRW5hYmxlZCI6dHJ1ZSwicmVzcG9uc2l2ZU1vZGUiOiJhdXRvIiwicmVsYXRpdmVXaWR0aCI6IndpbmRvdyIsInByZXNlcnZlUm93Q29sb3IiOmZhbHNlLCJoZWFkZXJGdWxseU1lcmdlZCI6ZmFsc2UsImJyZWFrcG9pbnRzIjp7ImRlc2t0b3AiOnsibmFtZSI6ImRlc2t0b3AiLCJ3aWR0aCI6MTAyNH0sInRhYmxldCI6eyJuYW1lIjoidGFibGV0Iiwid2lkdGgiOjcwMH0sIm1vYmlsZSI6eyJuYW1lIjoibW9iaWxlIiwid2lkdGgiOjM3NX19LCJtb2RlT3B0aW9ucyI6eyJhdXRvIjp7ImRpc2FibGVkIjp7ImRlc2t0b3AiOmZhbHNlLCJ0YWJsZXQiOmZhbHNlLCJtb2JpbGUiOmZhbHNlfSwidG9wUm93QXNIZWFkZXIiOnsiZGVza3RvcCI6ZmFsc2UsInRhYmxldCI6dHJ1ZSwibW9iaWxlIjp0cnVlfSwicmVwZWF0TWVyZ2VkSGVhZGVyIjp7ImRlc2t0b3AiOnRydWUsInRhYmxldCI6dHJ1ZSwibW9iaWxlIjp0cnVlfSwic3RhdGljVG9wUm93Ijp7ImRlc2t0b3AiOmZhbHNlLCJ0YWJsZXQiOmZhbHNlLCJtb2JpbGUiOmZhbHNlfSwiY2VsbFN0YWNrRGlyZWN0aW9uIjp7ImRlc2t0b3AiOiJyb3ciLCJ0YWJsZXQiOiJyb3ciLCJtb2JpbGUiOiJyb3cifSwiY2VsbHNQZXJSb3ciOnsiZGVza3RvcCI6MSwidGFibGV0IjoxLCJtb2JpbGUiOjF9fX19\" data-wptb-cells-width-auto-count=\"3\" data-wptb-horizontal-scroll-status=\"1\" data-wptb-extra-styles=\"LyogRW50ZXIgeW91ciBjdXN0b20gQ1NTIHJ1bGVzIGhlcmUgKi8=\" data-wptb-pro-pagination-top-row-header=\"false\" data-wptb-rows-per-page=\"10\" data-wptb-pro-search-top-row-header=\"false\" data-wptb-searchbar-position=\"left\" role=\"table\" data-table-columns=\"3\" data-wptb-table-alignment=\"center\" data-wptb-td-width-auto=\"120\" data-wptb-table-tds-sum-max-width=\"891\" data-wptb-header-background-color=\"#ffffff\" data-wptb-even-row-background-color=\"#ffffff\" data-wptb-odd-row-background-color=\"#ffffff\" ><tbody data-global-font-size=\"15\" ><tr  class=\"wptb-row \" style=\"background-color: #ffffff; \"><td class=\"wptb-cell \" colspan=\"1\" rowspan=\"1\" style=\"padding: 10px; width: 277px; border-width: 1px; border-color: rgb(255, 255, 255); border-style: solid; border-radius: 0px; \" data-y-index=\"0\" data-x-index=\"0\" data-wptb-css-td-auto-width=\"false\" data-wptb-css-td-auto-height=\"true\" data-wptb-cell-vertical-alignment=\"center\" ><div class=\"wptb-image-container wptb-ph-element wptb-element-image-1\" data-wptb-image-alignment=\"center\" data-wptb-image-size-relative=\"container\"  style=\"\">\n    <div class=\"wptb-image-wrapper\">\n        <span  class=\"wptb-link-target\" style=\"float: none; width: 30%; \">\n            <img loading=\"lazy\" decoding=\"async\" class=\"wptb-image-element-target\" data-wptb-size=\"0px:0px\" height=\"0\" width=\"0\" src=\"https:\/\/www.log-in.de\/it\/wp-content\/uploads\/2022\/10\/Birne.jpg\"  style=\"width: 100%\" \/>\n        <\/span>\n    <\/div>\n<\/div><div class=\"wptb-text-container wptb-ph-element wptb-element-text-597\" style=\"color: #4a5568; font-size: 21px; \"><div style=\"position: relative;\"><p style=\"text-align: center;\"><strong><\/strong><\/p><p style=\"text-align: center;\"><strong><\/strong><\/p><p style=\"text-align: center;\"><strong><br><\/strong><\/p><p style=\"text-align: center;\"><strong>KNOW HOW<\/strong><\/p><p style=\"text-align: center;\"><\/p><p><\/p><p><\/p><\/div><\/div><div class=\"wptb-text-container wptb-ph-element wptb-element-text-598\" style=\"color: #4a5568; font-size: 15px; \"><div ><p style=\"text-align: center;\">Professionelles Know-how<\/p><p style=\"text-align: center;\">und Kompetenz durch<\/p><p style=\"text-align: center;\">jahrelange Erfahrung<\/p><\/div><\/div><\/td><td class=\"wptb-cell \" colspan=\"1\" rowspan=\"1\" style=\"padding: 10px; width: 277px; border-width: 1px; border-color: rgb(255, 255, 255); border-style: solid; border-radius: 0px; \" data-y-index=\"0\" data-x-index=\"1\" data-wptb-css-td-auto-width=\"false\" data-wptb-css-td-auto-height=\"true\" data-wptb-cell-vertical-alignment=\"center\" ><div class=\"wptb-image-container wptb-ph-element wptb-element-image-2\" data-wptb-image-alignment=\"center\" data-wptb-image-size-relative=\"container\"  style=\"\">\n    <div class=\"wptb-image-wrapper\">\n        <span  class=\"wptb-link-target\" style=\"float: none; width: 46%; \">\n            <img loading=\"lazy\" decoding=\"async\" class=\"wptb-image-element-target\" data-wptb-size=\"0px:0px\" height=\"0\" width=\"0\" src=\"https:\/\/www.log-in.de\/it\/wp-content\/uploads\/2022\/10\/Drucker.jpg\"  style=\"width: 100%\" \/>\n        <\/span>\n    <\/div>\n<\/div><div class=\"wptb-text-container wptb-ph-element wptb-element-text-599\" style=\"color: #4a5568; font-size: 21px; \"><div style=\"position: relative;\"><p style=\"text-align: center;\"><strong><br><\/strong><\/p><p style=\"text-align: center;\"><strong>TRANSPARENZ<\/strong><\/p><p><\/p><\/div><\/div><div class=\"wptb-text-container wptb-ph-element wptb-element-text-600\" style=\"color: #4a5568; font-size: 15px; \"><div ><p style=\"text-align: center;\">Fairer Umgang mit unseren Kunden und transparente Dokumentation<\/p><p style=\"text-align: center;\">aller Vorg\u00e4nge<\/p><\/div><\/div><\/td><td class=\"wptb-cell \" colspan=\"1\" rowspan=\"1\" style=\"padding: 10px; width: 277px; border-width: 1px; border-color: rgb(255, 255, 255); border-style: solid; border-radius: 0px; \" data-y-index=\"0\" data-x-index=\"2\" data-wptb-css-td-auto-width=\"false\" data-wptb-css-td-auto-height=\"true\" data-wptb-cell-vertical-alignment=\"center\" ><div class=\"wptb-image-container wptb-ph-element wptb-element-image-3\" data-wptb-image-alignment=\"center\" data-wptb-image-size-relative=\"container\"  style=\"\">\n    <div class=\"wptb-image-wrapper\">\n        <span  class=\"wptb-link-target\" style=\"float: none; width: 39%; \">\n            <img loading=\"lazy\" decoding=\"async\" class=\"wptb-image-element-target\" data-wptb-size=\"0px:0px\" height=\"0\" width=\"0\" src=\"https:\/\/www.log-in.de\/it\/wp-content\/uploads\/2022\/10\/Smiley.jpg\"  style=\"width: 100%\" \/>\n        <\/span>\n    <\/div>\n<\/div><div class=\"wptb-text-container wptb-ph-element wptb-element-text-601\" style=\"color: #4a5568; font-size: 21px; \"><div style=\"position: relative;\"><p style=\"text-align: center;\"><strong><br><\/strong><\/p><p style=\"text-align: center;\"><strong><\/strong><\/p><p style=\"text-align: center;\"><strong>FREUDE<\/strong><\/p><\/div><\/div><div class=\"wptb-text-container wptb-ph-element wptb-element-text-602\" style=\"color: #4a5568; font-size: 15px; \"><div ><p style=\"text-align: center;\">Leidenschaft und Freude<\/p><p style=\"text-align: center;\">bei der Arbeit<\/p><p style=\"text-align: center;\"><br><\/p><p style=\"text-align: center;\"><\/p><\/div><\/div><\/td><\/tr><\/tbody><\/table>\n<\/div>\n\r\n<p>&nbsp;<\/p>\r\n<p style=\"text-align: center;\">\u00a0<\/p>\r\n<!-- \/wp:post-content -->\r\n\r\n<!-- wp:paragraph {\"align\":\"center\"} -->\r\n<h3 class=\"has-text-align-center\" style=\"text-align: center;\"><strong><span style=\"color: red;\">Vorreiter vor Ort.<\/span><\/strong><\/h3>\r\n<!-- \/wp:paragraph -->\r\n\r\n<!-- wp:paragraph {\"align\":\"center\"} -->\r\n<p class=\"has-text-align-center\" style=\"text-align: center;\">Seit 1993 unterst\u00fctzen wir mittelst\u00e4ndische Unternehmen.<\/p>\r\n<!-- \/wp:paragraph -->\r\n\r\n<!-- wp:paragraph {\"align\":\"center\"} -->\r\n<p class=\"has-text-align-center\" style=\"text-align: center;\">Und unsere Leistungsst\u00e4rke l\u00e4sst sich messen \u2013<\/p>\r\n<!-- \/wp:paragraph -->\r\n\r\n<!-- wp:paragraph {\"align\":\"center\"} -->\r\n<p class=\"has-text-align-center\" style=\"text-align: center;\">mit Sitz in Arnsberg\u00a0 sowie weiteren 800 Systemhaus-Verbund-Partnern deutschlandweit.<\/p>\r\n<p style=\"text-align: center;\">\u00a0<\/p>\r\n<p>&nbsp;<\/p>\r\n<p>&nbsp;<\/p>\r\n<hr \/>\r\n<h2 style=\"text-align: center;\"><span style=\"color: #ff0000;\">Gut vernetzt ist halb gewonnen. Informations-Technologie.<\/span><\/h2>\r\n<hr \/>\r\n<p>&nbsp;<\/p>\r\n<p style=\"text-align: center;\">IT-Infrastrukturen, System\u00fcberwachung, Cloud-L\u00f6sungen &#8211;<\/p>\r\n<p style=\"text-align: center;\">mit <strong>LOG-IN<\/strong> setzen Sie auf Ihren Experten aus der Region!<\/p>\r\n<p>&nbsp;<\/p>\r\n<p><img loading=\"lazy\" decoding=\"async\" class=\"size-medium wp-image-50 alignright\" style=\"text-align: center;\" src=\"https:\/\/site.lg-demonetz.de\/wp-content\/uploads\/2022\/06\/icon_rot-263x300.png\" alt=\"\" width=\"263\" height=\"300\" srcset=\"https:\/\/www.log-in.de\/it\/wp-content\/uploads\/2022\/06\/icon_rot-263x300.png 263w, https:\/\/www.log-in.de\/it\/wp-content\/uploads\/2022\/06\/icon_rot.png 400w\" sizes=\"auto, (max-width: 263px) 100vw, 263px\" \/><\/p>\r\n<p>&nbsp;<\/p>\r\n<!-- \/wp:paragraph -->\r\n\r\n<!-- wp:paragraph {\"align\":\"center\"} \/-->\r\n<p>&nbsp;<\/p>","protected":false},"excerpt":{"rendered":"<p>Aus der Region. F\u00fcr die Region. &nbsp; Wir sind LOG-IN: ein proaktives IT-Systemhaus in zweiter Generation, gef\u00fchrt von den Geschwistern Franke. Mit unserem Team aus 21 engagierten MitarbeiterInnen betreiben wir sichere, stabile und zukunftsorientierte IT-L\u00f6sungen. Dabei verstehen wir uns nicht nur als Dienstleister, sondern als verl\u00e4sslicher Partner und Schutzschild gegen Cyberkriminalit\u00e4t. Unsere Schwerpunkte liegen in &hellip; <\/p>\n<p class=\"link-more\"><a href=\"https:\/\/www.log-in.de\/it\/\" class=\"more-link\">Mehr <span class=\"screen-reader-text\">\u00fcber &#8222;&#8220; <\/span>Lesen<\/a><\/p>\n","protected":false},"author":1,"featured_media":374,"parent":0,"menu_order":0,"comment_status":"closed","ping_status":"closed","template":"","meta":{"footnotes":""},"class_list":["post-22","page","type-page","status-publish","has-post-thumbnail","hentry"],"jetpack_sharing_enabled":true,"featured_media_urls":{"thumbnail":["https:\/\/www.log-in.de\/it\/wp-content\/uploads\/2022\/11\/Firmengebaeude_Daemmerung-150x150.png",150,150,true],"medium":["https:\/\/www.log-in.de\/it\/wp-content\/uploads\/2022\/11\/Firmengebaeude_Daemmerung-300x127.png",300,127,true],"medium_large":["https:\/\/www.log-in.de\/it\/wp-content\/uploads\/2022\/11\/Firmengebaeude_Daemmerung-768x326.png",768,326,true],"large":["https:\/\/www.log-in.de\/it\/wp-content\/uploads\/2022\/11\/Firmengebaeude_Daemmerung-1024x435.png",950,404,true],"1536x1536":["https:\/\/www.log-in.de\/it\/wp-content\/uploads\/2022\/11\/Firmengebaeude_Daemmerung-1536x652.png",1536,652,true],"2048x2048":["https:\/\/www.log-in.de\/it\/wp-content\/uploads\/2022\/11\/Firmengebaeude_Daemmerung-2048x870.png",2048,870,true],"wpucv-grid-three":["https:\/\/www.log-in.de\/it\/wp-content\/uploads\/2022\/11\/Firmengebaeude_Daemmerung-360x240.png",360,240,true],"wpucv-grid-two":["https:\/\/www.log-in.de\/it\/wp-content\/uploads\/2022\/11\/Firmengebaeude_Daemmerung-600x400.png",600,400,true],"wpucv-grid-one":["https:\/\/www.log-in.de\/it\/wp-content\/uploads\/2022\/11\/Firmengebaeude_Daemmerung-800x533.png",800,533,true],"wpucv-classic":["https:\/\/www.log-in.de\/it\/wp-content\/uploads\/2022\/11\/Firmengebaeude_Daemmerung-320x170.png",320,170,true],"wpucv-classic-small":["https:\/\/www.log-in.de\/it\/wp-content\/uploads\/2022\/11\/Firmengebaeude_Daemmerung-150x110.png",150,110,true],"wpucv-galary":["https:\/\/www.log-in.de\/it\/wp-content\/uploads\/2022\/11\/Firmengebaeude_Daemmerung-400x400.png",400,400,true],"inspiro-featured-image":["https:\/\/www.log-in.de\/it\/wp-content\/uploads\/2022\/11\/Firmengebaeude_Daemmerung-2000x850.png",2000,850,true],"inspiro-loop":["https:\/\/www.log-in.de\/it\/wp-content\/uploads\/2022\/11\/Firmengebaeude_Daemmerung-950x320.png",950,320,true],"inspiro-loop@2x":["https:\/\/www.log-in.de\/it\/wp-content\/uploads\/2022\/11\/Firmengebaeude_Daemmerung-1900x640.png",1900,640,true],"mailpoet_newsletter_max":["https:\/\/www.log-in.de\/it\/wp-content\/uploads\/2022\/11\/Firmengebaeude_Daemmerung-1320x561.png",1320,561,true],"woocommerce_thumbnail":["https:\/\/www.log-in.de\/it\/wp-content\/uploads\/2022\/11\/Firmengebaeude_Daemmerung-300x300.png",300,300,true],"woocommerce_single":["https:\/\/www.log-in.de\/it\/wp-content\/uploads\/2022\/11\/Firmengebaeude_Daemmerung-600x255.png",600,255,true],"woocommerce_gallery_thumbnail":["https:\/\/www.log-in.de\/it\/wp-content\/uploads\/2022\/11\/Firmengebaeude_Daemmerung-100x100.png",100,100,true],"portfolio_item-thumbnail":["https:\/\/www.log-in.de\/it\/wp-content\/uploads\/2022\/11\/Firmengebaeude_Daemmerung-600x400.png",600,400,true],"portfolio_item-thumbnail@2x":["https:\/\/www.log-in.de\/it\/wp-content\/uploads\/2022\/11\/Firmengebaeude_Daemmerung-1200x800.png",1200,800,true],"portfolio_item-masonry":["https:\/\/www.log-in.de\/it\/wp-content\/uploads\/2022\/11\/Firmengebaeude_Daemmerung-600x255.png",600,255,true],"portfolio_item-masonry@2x":["https:\/\/www.log-in.de\/it\/wp-content\/uploads\/2022\/11\/Firmengebaeude_Daemmerung-1200x510.png",1200,510,true],"portfolio_item-thumbnail_cinema":["https:\/\/www.log-in.de\/it\/wp-content\/uploads\/2022\/11\/Firmengebaeude_Daemmerung-800x335.png",800,335,true],"portfolio_item-thumbnail_portrait":["https:\/\/www.log-in.de\/it\/wp-content\/uploads\/2022\/11\/Firmengebaeude_Daemmerung-600x892.png",600,892,true],"portfolio_item-thumbnail_portrait@2x":["https:\/\/www.log-in.de\/it\/wp-content\/uploads\/2022\/11\/Firmengebaeude_Daemmerung-1200x892.png",1200,892,true],"portfolio_item-thumbnail_square":["https:\/\/www.log-in.de\/it\/wp-content\/uploads\/2022\/11\/Firmengebaeude_Daemmerung-800x800.png",800,800,true]},"post_mailing_queue_ids":[],"_links":{"self":[{"href":"https:\/\/www.log-in.de\/it\/wp-json\/wp\/v2\/pages\/22","targetHints":{"allow":["GET"]}}],"collection":[{"href":"https:\/\/www.log-in.de\/it\/wp-json\/wp\/v2\/pages"}],"about":[{"href":"https:\/\/www.log-in.de\/it\/wp-json\/wp\/v2\/types\/page"}],"author":[{"embeddable":true,"href":"https:\/\/www.log-in.de\/it\/wp-json\/wp\/v2\/users\/1"}],"replies":[{"embeddable":true,"href":"https:\/\/www.log-in.de\/it\/wp-json\/wp\/v2\/comments?post=22"}],"version-history":[{"count":10,"href":"https:\/\/www.log-in.de\/it\/wp-json\/wp\/v2\/pages\/22\/revisions"}],"predecessor-version":[{"id":3875,"href":"https:\/\/www.log-in.de\/it\/wp-json\/wp\/v2\/pages\/22\/revisions\/3875"}],"wp:featuredmedia":[{"embeddable":true,"href":"https:\/\/www.log-in.de\/it\/wp-json\/wp\/v2\/media\/374"}],"wp:attachment":[{"href":"https:\/\/www.log-in.de\/it\/wp-json\/wp\/v2\/media?parent=22"}],"curies":[{"name":"wp","href":"https:\/\/api.w.org\/{rel}","templated":true}]}}