{"id":362,"date":"2022-11-10T12:03:11","date_gmt":"2022-11-10T11:03:11","guid":{"rendered":"https:\/\/site.lg-demonetz.de\/?page_id=362"},"modified":"2024-04-18T13:03:45","modified_gmt":"2024-04-18T11:03:45","slug":"service","status":"publish","type":"page","link":"https:\/\/www.log-in.de\/it\/service\/","title":{"rendered":"Service"},"content":{"rendered":"<h2 style=\"text-align: center;\"><strong>Unser Service f\u00fcr Ihre Effizienz<\/strong><\/h2>\n<p style=\"text-align: center;\">Brauchen Sie professionelle Unterst\u00fctzung im ITK-Sektor? M\u00f6chten Sie bestimmte Bereiche auslagern, um Ihre Prozesse zu optimieren? Wir sind f\u00fcr Sie da und unterst\u00fctzen Sie bei der Planung und Realisierung Ihrer Projekte \u2013 von Roll-Outs \u00fcber User-Help-Desks bis hin zu umfangreichen Entwicklungsprojekten.<\/p>\n<h2 style=\"text-align: center;\"><strong>Individuelle L\u00f6sungen, die genau passen<\/strong><\/h2>\n<p style=\"text-align: center;\">Wir bieten ma\u00dfgeschneiderte L\u00f6sungen, die auf Ihren Bedarf abgestimmt sind. Ob durch gezielte Wartungs- und Betreuungsvertr\u00e4ge oder flexible Miet- und Leasingoptionen \u2013 wir finden den richtigen Weg f\u00fcr Ihr Unternehmen.<\/p>\n<p>&nbsp;<\/p>\n<h2 style=\"text-align: center;\"><strong>Komplettservice f\u00fcr Unternehmen ohne eigene IT-Abteilung<\/strong><\/h2>\n<p style=\"text-align: center;\">Keine eigene IT-Abteilung? Kein Problem! Wir sorgen f\u00fcr einen reibungslosen Betrieb und unterst\u00fctzen Sie bei allt\u00e4glichen Aufgaben sowie bei speziellen Projekten wie der Einf\u00fchrung neuer Business-L\u00f6sungen.<\/p>\n<p>&nbsp;<\/p>\n<h2 style=\"text-align: center;\"><strong>Pr\u00e4ventive Ma\u00dfnahmen f\u00fcr st\u00f6rungsfreien Betrieb<\/strong><\/h2>\n<p style=\"text-align: center;\">Unser \u201eManaged Service\u201c bietet mehr als nur Unterst\u00fctzung; wir agieren proaktiv, um Probleme zu vermeiden. Mit Echtzeit-\u00dcberwachung Ihres Systems greifen wir ein, bevor Viren, Backup-Probleme oder Temperaturabweichungen zum Problem werden.<\/p>\n<p>&nbsp;<\/p>\n<h2 style=\"text-align: center;\"><strong>Kontaktieren Sie uns &#8211; wir beraten Sie gerne!<\/strong><\/h2>\n<h4 style=\"text-align: center;\"><span style=\"color: #ff0000;\">Rufen Sie uns an unter <strong><a href=\"tel:02932 9735-0\" xlink=\"href\"><span style=\"color: #000000;\">02932 9735-0<\/span><\/a> \u00a0<\/strong>oder schreiben uns eine eMail an<span style=\"color: #000000;\"><a style=\"color: #000000;\" href=\"mailto:it-service@log-in.de\" xlink=\"href\"><strong> it-service@log-in.de<\/strong><\/a>\u00a0<\/span>und lassen Sie sich von unseren Experten beraten.<\/span><\/h4>\n<h4 style=\"text-align: center;\"><span style=\"color: #ff0000;\"><em><strong>Bei uns ist vorbeugende Hilfe kein Luxus \u2013 sie ist Standard.<\/strong><\/em><\/span><\/h4>\n","protected":false},"excerpt":{"rendered":"<p>Unser Service f\u00fcr Ihre Effizienz Brauchen Sie professionelle Unterst\u00fctzung im ITK-Sektor? M\u00f6chten Sie bestimmte Bereiche auslagern, um Ihre Prozesse zu optimieren? Wir sind f\u00fcr Sie da und unterst\u00fctzen Sie bei der Planung und Realisierung Ihrer Projekte \u2013 von Roll-Outs \u00fcber User-Help-Desks bis hin zu umfangreichen Entwicklungsprojekten. Individuelle L\u00f6sungen, die genau passen Wir bieten ma\u00dfgeschneiderte L\u00f6sungen, &hellip; <\/p>\n<p class=\"link-more\"><a href=\"https:\/\/www.log-in.de\/it\/service\/\" class=\"more-link\">Mehr <span class=\"screen-reader-text\">\u00fcber &#8222;Service&#8220; <\/span>Lesen<\/a><\/p>\n","protected":false},"author":1,"featured_media":369,"parent":0,"menu_order":0,"comment_status":"closed","ping_status":"closed","template":"","meta":{"footnotes":""},"class_list":["post-362","page","type-page","status-publish","has-post-thumbnail","hentry"],"jetpack_sharing_enabled":true,"featured_media_urls":{"thumbnail":["https:\/\/www.log-in.de\/it\/wp-content\/uploads\/2022\/11\/home-02-2-150x150.jpg",150,150,true],"medium":["https:\/\/www.log-in.de\/it\/wp-content\/uploads\/2022\/11\/home-02-2-300x123.jpg",300,123,true],"medium_large":["https:\/\/www.log-in.de\/it\/wp-content\/uploads\/2022\/11\/home-02-2-768x315.jpg",768,315,true],"large":["https:\/\/www.log-in.de\/it\/wp-content\/uploads\/2022\/11\/home-02-2-1024x420.jpg",950,390,true],"1536x1536":["https:\/\/www.log-in.de\/it\/wp-content\/uploads\/2022\/11\/home-02-2-1536x630.jpg",1536,630,true],"2048x2048":["https:\/\/www.log-in.de\/it\/wp-content\/uploads\/2022\/11\/home-02-2-2048x840.jpg",2048,840,true],"wpucv-grid-three":["https:\/\/www.log-in.de\/it\/wp-content\/uploads\/2022\/11\/home-02-2-360x240.jpg",360,240,true],"wpucv-grid-two":["https:\/\/www.log-in.de\/it\/wp-content\/uploads\/2022\/11\/home-02-2-600x400.jpg",600,400,true],"wpucv-grid-one":["https:\/\/www.log-in.de\/it\/wp-content\/uploads\/2022\/11\/home-02-2-800x533.jpg",800,533,true],"wpucv-classic":["https:\/\/www.log-in.de\/it\/wp-content\/uploads\/2022\/11\/home-02-2-320x170.jpg",320,170,true],"wpucv-classic-small":["https:\/\/www.log-in.de\/it\/wp-content\/uploads\/2022\/11\/home-02-2-150x110.jpg",150,110,true],"wpucv-galary":["https:\/\/www.log-in.de\/it\/wp-content\/uploads\/2022\/11\/home-02-2-400x400.jpg",400,400,true],"inspiro-featured-image":["https:\/\/www.log-in.de\/it\/wp-content\/uploads\/2022\/11\/home-02-2-scaled-2000x821.jpg",2000,821,true],"inspiro-loop":["https:\/\/www.log-in.de\/it\/wp-content\/uploads\/2022\/11\/home-02-2-scaled-950x320.jpg",950,320,true],"inspiro-loop@2x":["https:\/\/www.log-in.de\/it\/wp-content\/uploads\/2022\/11\/home-02-2-scaled-1900x640.jpg",1900,640,true],"mailpoet_newsletter_max":["https:\/\/www.log-in.de\/it\/wp-content\/uploads\/2022\/11\/home-02-2-scaled-1320x542.jpg",1320,542,true],"woocommerce_thumbnail":["https:\/\/www.log-in.de\/it\/wp-content\/uploads\/2022\/11\/home-02-2-scaled-300x300.jpg",300,300,true],"woocommerce_single":["https:\/\/www.log-in.de\/it\/wp-content\/uploads\/2022\/11\/home-02-2-scaled-600x246.jpg",600,246,true],"woocommerce_gallery_thumbnail":["https:\/\/www.log-in.de\/it\/wp-content\/uploads\/2022\/11\/home-02-2-scaled-100x100.jpg",100,100,true],"portfolio_item-thumbnail":["https:\/\/www.log-in.de\/it\/wp-content\/uploads\/2022\/11\/home-02-2-scaled-600x400.jpg",600,400,true],"portfolio_item-thumbnail@2x":["https:\/\/www.log-in.de\/it\/wp-content\/uploads\/2022\/11\/home-02-2-scaled-1200x800.jpg",1200,800,true],"portfolio_item-masonry":["https:\/\/www.log-in.de\/it\/wp-content\/uploads\/2022\/11\/home-02-2-scaled-600x246.jpg",600,246,true],"portfolio_item-masonry@2x":["https:\/\/www.log-in.de\/it\/wp-content\/uploads\/2022\/11\/home-02-2-scaled-1200x493.jpg",1200,493,true],"portfolio_item-thumbnail_cinema":["https:\/\/www.log-in.de\/it\/wp-content\/uploads\/2022\/11\/home-02-2-scaled-800x335.jpg",800,335,true],"portfolio_item-thumbnail_portrait":["https:\/\/www.log-in.de\/it\/wp-content\/uploads\/2022\/11\/home-02-2-scaled-600x900.jpg",600,900,true],"portfolio_item-thumbnail_portrait@2x":["https:\/\/www.log-in.de\/it\/wp-content\/uploads\/2022\/11\/home-02-2-scaled-1200x1051.jpg",1200,1051,true],"portfolio_item-thumbnail_square":["https:\/\/www.log-in.de\/it\/wp-content\/uploads\/2022\/11\/home-02-2-scaled-800x800.jpg",800,800,true]},"post_mailing_queue_ids":[],"_links":{"self":[{"href":"https:\/\/www.log-in.de\/it\/wp-json\/wp\/v2\/pages\/362","targetHints":{"allow":["GET"]}}],"collection":[{"href":"https:\/\/www.log-in.de\/it\/wp-json\/wp\/v2\/pages"}],"about":[{"href":"https:\/\/www.log-in.de\/it\/wp-json\/wp\/v2\/types\/page"}],"author":[{"embeddable":true,"href":"https:\/\/www.log-in.de\/it\/wp-json\/wp\/v2\/users\/1"}],"replies":[{"embeddable":true,"href":"https:\/\/www.log-in.de\/it\/wp-json\/wp\/v2\/comments?post=362"}],"version-history":[{"count":10,"href":"https:\/\/www.log-in.de\/it\/wp-json\/wp\/v2\/pages\/362\/revisions"}],"predecessor-version":[{"id":1296,"href":"https:\/\/www.log-in.de\/it\/wp-json\/wp\/v2\/pages\/362\/revisions\/1296"}],"wp:featuredmedia":[{"embeddable":true,"href":"https:\/\/www.log-in.de\/it\/wp-json\/wp\/v2\/media\/369"}],"wp:attachment":[{"href":"https:\/\/www.log-in.de\/it\/wp-json\/wp\/v2\/media?parent=362"}],"curies":[{"name":"wp","href":"https:\/\/api.w.org\/{rel}","templated":true}]}}