{"id":679,"date":"2023-07-19T15:13:07","date_gmt":"2023-07-19T13:13:07","guid":{"rendered":"https:\/\/site.lg-demonetz.de\/?page_id=679"},"modified":"2026-01-27T14:02:04","modified_gmt":"2026-01-27T13:02:04","slug":"karriere","status":"publish","type":"page","link":"https:\/\/www.log-in.de\/it\/karriere\/","title":{"rendered":"Karriere"},"content":{"rendered":"<h2>Komm ins Team!<\/h2>\n<p data-start=\"160\" data-end=\"342\">Du hast Lust, etwas zu bewegen und gemeinsam mit uns zu wachsen?<br data-start=\"224\" data-end=\"227\" \/>Wir suchen regelm\u00e4\u00dfig motivierte Pers\u00f6nlichkeiten, die unser Team mit Know-how, Ideen und guter Laune bereichern.<\/p>\n<p data-start=\"344\" data-end=\"525\">Unsere aktuellen Stellenangebote findest du weiter unten.<\/p>\n<p>Und wenn gerade nichts Passendes ausgeschrieben ist? Kein Problem \u2013 wir freuen uns immer \u00fcber <strong data-start=\"498\" data-end=\"522\">Initiativbewerbungen<\/strong>!<br \/>\nSchick uns deine Unterlagen einfach an: <strong data-start=\"567\" data-end=\"620\"><a class=\"decorated-link cursor-pointer\" rel=\"noopener\" data-start=\"569\" data-end=\"618\">bewerbung@log-in.de<\/a><\/strong><\/p>\n<p>&nbsp;<\/p>\n<p><iframe loading=\"lazy\" src=\" https:\/\/log-in.softgarden.io\/widgets\/jobs\" width=\"100%\" height=\"800\" frameborder=\"0\"><\/iframe><\/p>\n","protected":false},"excerpt":{"rendered":"<p>Komm ins Team! Du hast Lust, etwas zu bewegen und gemeinsam mit uns zu wachsen?Wir suchen regelm\u00e4\u00dfig motivierte Pers\u00f6nlichkeiten, die unser Team mit Know-how, Ideen und guter Laune bereichern. Unsere aktuellen Stellenangebote findest du weiter unten. Und wenn gerade nichts Passendes ausgeschrieben ist? Kein Problem \u2013 wir freuen uns immer \u00fcber Initiativbewerbungen! Schick uns deine &hellip; <\/p>\n<p class=\"link-more\"><a href=\"https:\/\/www.log-in.de\/it\/karriere\/\" class=\"more-link\">Mehr <span class=\"screen-reader-text\">\u00fcber &#8222;Karriere&#8220; <\/span>Lesen<\/a><\/p>\n","protected":false},"author":1,"featured_media":693,"parent":0,"menu_order":0,"comment_status":"closed","ping_status":"closed","template":"","meta":{"footnotes":""},"class_list":["post-679","page","type-page","status-publish","has-post-thumbnail","hentry"],"jetpack_sharing_enabled":true,"featured_media_urls":{"thumbnail":["https:\/\/www.log-in.de\/it\/wp-content\/uploads\/2023\/07\/Team-150x150.jpeg",150,150,true],"medium":["https:\/\/www.log-in.de\/it\/wp-content\/uploads\/2023\/07\/Team-300x112.jpeg",300,112,true],"medium_large":["https:\/\/www.log-in.de\/it\/wp-content\/uploads\/2023\/07\/Team-768x286.jpeg",768,286,true],"large":["https:\/\/www.log-in.de\/it\/wp-content\/uploads\/2023\/07\/Team-1024x381.jpeg",950,353,true],"1536x1536":["https:\/\/www.log-in.de\/it\/wp-content\/uploads\/2023\/07\/Team-1536x571.jpeg",1536,571,true],"2048x2048":["https:\/\/www.log-in.de\/it\/wp-content\/uploads\/2023\/07\/Team-2048x762.jpeg",2048,762,true],"wpucv-grid-three":["https:\/\/www.log-in.de\/it\/wp-content\/uploads\/2023\/07\/Team-360x240.jpeg",360,240,true],"wpucv-grid-two":["https:\/\/www.log-in.de\/it\/wp-content\/uploads\/2023\/07\/Team-600x400.jpeg",600,400,true],"wpucv-grid-one":["https:\/\/www.log-in.de\/it\/wp-content\/uploads\/2023\/07\/Team-800x533.jpeg",800,533,true],"wpucv-classic":["https:\/\/www.log-in.de\/it\/wp-content\/uploads\/2023\/07\/Team-320x170.jpeg",320,170,true],"wpucv-classic-small":["https:\/\/www.log-in.de\/it\/wp-content\/uploads\/2023\/07\/Team-150x110.jpeg",150,110,true],"wpucv-galary":["https:\/\/www.log-in.de\/it\/wp-content\/uploads\/2023\/07\/Team-400x400.jpeg",400,400,true],"inspiro-featured-image":["https:\/\/www.log-in.de\/it\/wp-content\/uploads\/2023\/07\/Team-2000x744.jpeg",2000,744,true],"inspiro-loop":["https:\/\/www.log-in.de\/it\/wp-content\/uploads\/2023\/07\/Team-950x320.jpeg",950,320,true],"inspiro-loop@2x":["https:\/\/www.log-in.de\/it\/wp-content\/uploads\/2023\/07\/Team-1900x640.jpeg",1900,640,true],"mailpoet_newsletter_max":["https:\/\/www.log-in.de\/it\/wp-content\/uploads\/2023\/07\/Team-scaled-1320x491.jpeg",1320,491,true],"woocommerce_thumbnail":["https:\/\/www.log-in.de\/it\/wp-content\/uploads\/2023\/07\/Team-scaled-300x300.jpeg",300,300,true],"woocommerce_single":["https:\/\/www.log-in.de\/it\/wp-content\/uploads\/2023\/07\/Team-600x223.jpeg",600,223,true],"woocommerce_gallery_thumbnail":["https:\/\/www.log-in.de\/it\/wp-content\/uploads\/2023\/07\/Team-scaled-100x100.jpeg",100,100,true],"portfolio_item-thumbnail":["https:\/\/www.log-in.de\/it\/wp-content\/uploads\/2023\/07\/Team-600x400.jpeg",600,400,true],"portfolio_item-thumbnail@2x":["https:\/\/www.log-in.de\/it\/wp-content\/uploads\/2023\/07\/Team-1200x800.jpeg",1200,800,true],"portfolio_item-masonry":["https:\/\/www.log-in.de\/it\/wp-content\/uploads\/2023\/07\/Team-600x223.jpeg",600,223,true],"portfolio_item-masonry@2x":["https:\/\/www.log-in.de\/it\/wp-content\/uploads\/2023\/07\/Team-1200x446.jpeg",1200,446,true],"portfolio_item-thumbnail_cinema":["https:\/\/www.log-in.de\/it\/wp-content\/uploads\/2023\/07\/Team-800x335.jpeg",800,335,true],"portfolio_item-thumbnail_portrait":["https:\/\/www.log-in.de\/it\/wp-content\/uploads\/2023\/07\/Team-600x900.jpeg",600,900,true],"portfolio_item-thumbnail_portrait@2x":["https:\/\/www.log-in.de\/it\/wp-content\/uploads\/2023\/07\/Team-1200x1500.jpeg",1200,1500,true],"portfolio_item-thumbnail_square":["https:\/\/www.log-in.de\/it\/wp-content\/uploads\/2023\/07\/Team-800x800.jpeg",800,800,true]},"post_mailing_queue_ids":[],"_links":{"self":[{"href":"https:\/\/www.log-in.de\/it\/wp-json\/wp\/v2\/pages\/679","targetHints":{"allow":["GET"]}}],"collection":[{"href":"https:\/\/www.log-in.de\/it\/wp-json\/wp\/v2\/pages"}],"about":[{"href":"https:\/\/www.log-in.de\/it\/wp-json\/wp\/v2\/types\/page"}],"author":[{"embeddable":true,"href":"https:\/\/www.log-in.de\/it\/wp-json\/wp\/v2\/users\/1"}],"replies":[{"embeddable":true,"href":"https:\/\/www.log-in.de\/it\/wp-json\/wp\/v2\/comments?post=679"}],"version-history":[{"count":10,"href":"https:\/\/www.log-in.de\/it\/wp-json\/wp\/v2\/pages\/679\/revisions"}],"predecessor-version":[{"id":3878,"href":"https:\/\/www.log-in.de\/it\/wp-json\/wp\/v2\/pages\/679\/revisions\/3878"}],"wp:featuredmedia":[{"embeddable":true,"href":"https:\/\/www.log-in.de\/it\/wp-json\/wp\/v2\/media\/693"}],"wp:attachment":[{"href":"https:\/\/www.log-in.de\/it\/wp-json\/wp\/v2\/media?parent=679"}],"curies":[{"name":"wp","href":"https:\/\/api.w.org\/{rel}","templated":true}]}}