{"id":71,"date":"2022-09-22T15:07:30","date_gmt":"2022-09-22T13:07:30","guid":{"rendered":"https:\/\/site.lg-demonetz.de\/?page_id=71"},"modified":"2024-10-24T20:32:17","modified_gmt":"2024-10-24T18:32:17","slug":"impressum","status":"publish","type":"page","link":"https:\/\/www.log-in.de\/it\/impressum\/","title":{"rendered":"Impressum"},"content":{"rendered":"<div id=\"u70211-116\" class=\"clearfix grpelem\" data-muse-uid=\"U70211\" data-muse-type=\"txt_frame\" data-ibe-flags=\"txtStyleSrc\">\n<h2><\/h2>\n<\/div>\n<div id=\"u70211-116\" class=\"clearfix grpelem\" data-muse-uid=\"U70211\" data-muse-type=\"txt_frame\" data-ibe-flags=\"txtStyleSrc\">\n<p id=\"u70211-4\"><strong>LOG-IN Gesellschaft f\u00fcr Computerintegration mbH<\/strong><\/p>\n<p id=\"u70211-8\">Im Ohl 4<\/p>\n<p id=\"u70211-10\">59757 Arnsberg<\/p>\n<p>&nbsp;<\/p>\n<h3 id=\"u70211-13\">Vertreten durch:<\/h3>\n<p id=\"u70211-15\">Gerold Franke<\/p>\n<p id=\"u70211-17\">Jeannette Franke<\/p>\n<p id=\"u70211-19\">Marlon Franke<\/p>\n<p>&nbsp;<\/p>\n<h3 id=\"u70211-23\">Kontakt:<\/h3>\n<p id=\"u70211-25\">Telefon: +49 2932 97350<\/p>\n<p id=\"u70211-27\">Telefax: +49 2932 973599<\/p>\n<p id=\"u70211-32\">E-Mail: <a class=\"nonblock\" href=\"mailto:info@log-in.de\" xlink=\"href\">info@log-in.de<\/a><\/p>\n<p>&nbsp;<\/p>\n<h3 id=\"u70211-35\">Registereintrag:<\/h3>\n<p id=\"u70211-37\">Eintragung im Handelsregister.<\/p>\n<p id=\"u70211-39\">Registergericht: Arnsberg<\/p>\n<p id=\"u70211-41\">Registernummer: HRB 1474<\/p>\n<p>&nbsp;<\/p>\n<h3 id=\"u70211-44\">Umsatzsteuer:<\/h3>\n<p id=\"u70211-46\">Umsatzsteuer-Identifikationsnummer gem\u00e4\u00df \u00a727 a Umsatzsteuergesetz:<\/p>\n<p id=\"u70211-48\">DE-163 432 191<\/p>\n<p>&nbsp;<\/p>\n<\/div>\n<hr \/>\n<div id=\"u70211-116\" class=\"clearfix grpelem\" data-muse-uid=\"U70211\" data-muse-type=\"txt_frame\" data-ibe-flags=\"txtStyleSrc\">\n<h4 id=\"u70211-80\">Urheberrecht<\/h4>\n<p id=\"u70211-82\">Die durch die Seitenbetreiber erstellten Inhalte und Werke auf diesen Seiten unterliegen dem deutschen Urheberrecht. Die Vervielf\u00e4ltigung, Bearbeitung, Verbreitung und jede Art der Verwertung au\u00dferhalb der Grenzen des Urheberrechtes bed\u00fcrfen der schriftlichen Zustimmung des jeweiligen Autors bzw. Erstellers. Downloads und Kopien dieser Seite sind nur f\u00fcr den privaten, nicht kommerziellen Gebrauch gestattet.<\/p>\n<p id=\"u70211-84\">Soweit die Inhalte auf dieser Seite nicht vom Betreiber erstellt wurden, werden die Urheberrechte Dritter beachtet. Insbesondere werden Inhalte Dritter als solche gekennzeichnet. Sollten Sie trotzdem auf eine Urheberrechtsverletzung aufmerksam werden, bitten wir um einen entsprechenden Hinweis. Bei Bekanntwerden von Rechtsverletzungen werden wir derartige Inhalte umgehend entfernen.<\/p>\n<\/div>\n<p>&nbsp;<\/p>\n<hr \/>\n<div id=\"u70211-116\" class=\"clearfix grpelem\" data-muse-uid=\"U70211\" data-muse-type=\"txt_frame\" data-ibe-flags=\"txtStyleSrc\">\n<p id=\"u70211-98\">Bildlizenzen: fotolia.com<\/p>\n<p id=\"u70211-105\">#98583790 | Urheber: Mikko Lemola, #20409325 | Urheber: M.Rosenwirth, #109252473 | Urheber: stockWERK, #102973953 | Urheber: photographicss, #82585617 | Urheber: Andrey Popov,<\/p>\n<p id=\"u70211-107\">#67129870 | Urheber: Kara, #86290426 | Urheber: Artur Marciniec, #109768229 | Urheber: vege, #58495444 | Urheber: foto_don, #111777906 | Urheber: Jakub Jirs\u00e1k, #110084889\u00a0 | Urheber: Lulu Berlu, #87958176 | Urheber: Natalia Merzlyakova, #88598945 | Urheber: contrastwerkstatt, #104487081 | Urheber: Klaus The., #88934010 | Urheber: Nonwarit, #101287441 | Urheber: Drobot Dean,<\/p>\n<p id=\"u70211-109\">#94673457\u00a0 | Urheber: Photographee.eu, #59966795 | Urheber: pikcha3000, #93836172 | Urheber: alotofpeople, #84915299 | Urheber: lassedesignen, #64346349 | Urheber: Coloures-pic,<\/p>\n<p id=\"u70211-111\">#87469315 | Urheber: Michael Stifter, #61253788 | Urheber: zhu difeng, #86509593 | Urheber: dolphfyn, #62100580 | Urheber: industrieblick<\/p>\n<p id=\"u70211-114\">\n<\/div>\n","protected":false},"excerpt":{"rendered":"<p>LOG-IN Gesellschaft f\u00fcr Computerintegration mbH Im Ohl 4 59757 Arnsberg &nbsp; Vertreten durch: Gerold Franke Jeannette Franke Marlon Franke &nbsp; Kontakt: Telefon: +49 2932 97350 Telefax: +49 2932 973599 E-Mail: info@log-in.de &nbsp; Registereintrag: Eintragung im Handelsregister. Registergericht: Arnsberg Registernummer: HRB 1474 &nbsp; Umsatzsteuer: Umsatzsteuer-Identifikationsnummer gem\u00e4\u00df \u00a727 a Umsatzsteuergesetz: DE-163 432 191 &nbsp; Urheberrecht Die durch &hellip; <\/p>\n<p class=\"link-more\"><a href=\"https:\/\/www.log-in.de\/it\/impressum\/\" class=\"more-link\">Mehr <span class=\"screen-reader-text\">\u00fcber &#8222;Impressum&#8220; <\/span>Lesen<\/a><\/p>\n","protected":false},"author":1,"featured_media":0,"parent":0,"menu_order":0,"comment_status":"closed","ping_status":"closed","template":"","meta":{"footnotes":""},"class_list":["post-71","page","type-page","status-publish","hentry"],"jetpack_sharing_enabled":true,"featured_media_urls":[],"post_mailing_queue_ids":[],"_links":{"self":[{"href":"https:\/\/www.log-in.de\/it\/wp-json\/wp\/v2\/pages\/71","targetHints":{"allow":["GET"]}}],"collection":[{"href":"https:\/\/www.log-in.de\/it\/wp-json\/wp\/v2\/pages"}],"about":[{"href":"https:\/\/www.log-in.de\/it\/wp-json\/wp\/v2\/types\/page"}],"author":[{"embeddable":true,"href":"https:\/\/www.log-in.de\/it\/wp-json\/wp\/v2\/users\/1"}],"replies":[{"embeddable":true,"href":"https:\/\/www.log-in.de\/it\/wp-json\/wp\/v2\/comments?post=71"}],"version-history":[{"count":11,"href":"https:\/\/www.log-in.de\/it\/wp-json\/wp\/v2\/pages\/71\/revisions"}],"predecessor-version":[{"id":1445,"href":"https:\/\/www.log-in.de\/it\/wp-json\/wp\/v2\/pages\/71\/revisions\/1445"}],"wp:attachment":[{"href":"https:\/\/www.log-in.de\/it\/wp-json\/wp\/v2\/media?parent=71"}],"curies":[{"name":"wp","href":"https:\/\/api.w.org\/{rel}","templated":true}]}}